{"id":18,"date":"2026-02-03T22:15:25","date_gmt":"2026-02-03T22:15:25","guid":{"rendered":"https:\/\/saatcr.com\/?page_id=18"},"modified":"2026-02-23T22:48:01","modified_gmt":"2026-02-23T22:48:01","slug":"planes","status":"publish","type":"page","link":"https:\/\/saatcr.com\/en_us\/planes\/","title":{"rendered":"Plans"},"content":{"rendered":"<div data-elementor-type=\"wp-page\" data-elementor-id=\"18\" class=\"elementor elementor-18\" data-elementor-post-type=\"page\">\n\t\t\t\t<div class=\"elementor-element elementor-element-0cad8da e-flex e-con-boxed e-con e-parent\" data-id=\"0cad8da\" data-element_type=\"container\" data-e-type=\"container\">\n\t\t\t\t\t<div class=\"e-con-inner\">\n\t\t\t\t<div class=\"elementor-element elementor-element-4aaa2d0 elementor-widget elementor-widget-heading\" data-id=\"4aaa2d0\" data-element_type=\"widget\" data-e-type=\"widget\" data-widget_type=\"heading.default\">\n\t\t\t\t\t<h2 class=\"elementor-heading-title elementor-size-default\">Plans<\/h2>\t\t\t\t<\/div>\n\t\t\t\t\t<\/div>\n\t\t\t\t<\/div>\n\t\t<div class=\"elementor-element elementor-element-affdc54 e-flex e-con-boxed e-con e-parent\" data-id=\"affdc54\" data-element_type=\"container\" data-e-type=\"container\">\n\t\t\t\t\t<div class=\"e-con-inner\">\n\t\t<div class=\"elementor-element elementor-element-7b8186b e-con-full e-flex e-con e-child\" data-id=\"7b8186b\" data-element_type=\"container\" data-e-type=\"container\" data-settings=\"{&quot;background_background&quot;:&quot;classic&quot;}\">\n\t\t\t\t<div class=\"elementor-element elementor-element-13a8619 elementor-widget-divider--view-line elementor-widget elementor-widget-divider\" data-id=\"13a8619\" data-element_type=\"widget\" data-e-type=\"widget\" data-widget_type=\"divider.default\">\n\t\t\t\t\t\t\t<div class=\"elementor-divider\">\n\t\t\t<span class=\"elementor-divider-separator\">\n\t\t\t\t\t\t<\/span>\n\t\t<\/div>\n\t\t\t\t\t\t<\/div>\n\t\t\t\t<\/div>\n\t\t<div class=\"elementor-element elementor-element-23f578c e-con-full e-flex e-con e-child\" data-id=\"23f578c\" data-element_type=\"container\" data-e-type=\"container\">\n\t\t\t\t<div class=\"elementor-element elementor-element-ca83995 elementor-widget elementor-widget-text-editor\" data-id=\"ca83995\" data-element_type=\"widget\" data-e-type=\"widget\" data-widget_type=\"text-editor.default\">\n\t\t\t\t\t\t\t\t\t<p>La afiliaci\u00f3n de SAAT, en alianza con MediSmart, le ofrece atenci\u00f3n m\u00e9dica de emergencia y beneficios adicionales en una amplia red de servicios de salud, garantizando respaldo, ahorro y tranquilidad para usted y su familia.<\/p>\t\t\t\t\t\t\t\t<\/div>\n\t\t\t\t<\/div>\n\t\t\t\t\t<\/div>\n\t\t\t\t<\/div>\n\t\t<div class=\"elementor-element elementor-element-bca3020 e-flex e-con-boxed e-con e-parent\" data-id=\"bca3020\" data-element_type=\"container\" data-e-type=\"container\">\n\t\t\t\t\t<div class=\"e-con-inner\">\n\t\t<div class=\"elementor-element elementor-element-ed6708d e-con-full e-flex e-con e-child\" data-id=\"ed6708d\" data-element_type=\"container\" data-e-type=\"container\" data-settings=\"{&quot;background_background&quot;:&quot;gradient&quot;}\">\n\t\t<div class=\"elementor-element elementor-element-2516b50 e-con-full e-flex e-con e-child\" data-id=\"2516b50\" data-element_type=\"container\" data-e-type=\"container\">\n\t\t\t\t<div class=\"elementor-element elementor-element-c321279 elementor-widget elementor-widget-image\" data-id=\"c321279\" data-element_type=\"widget\" data-e-type=\"widget\" data-widget_type=\"image.default\">\n\t\t\t\t\t\t\t\t\t\t\t\t\t\t\t<img decoding=\"async\" width=\"219\" height=\"64\" src=\"https:\/\/saatcr.com\/wp-content\/uploads\/2026\/02\/logoMS.svg\" class=\"attachment-large size-large wp-image-31\" alt=\"\" \/>\t\t\t\t\t\t\t\t\t\t\t\t\t\t\t<\/div>\n\t\t\t\t<div class=\"elementor-element elementor-element-b34e84e elementor-widget elementor-widget-text-editor\" data-id=\"b34e84e\" data-element_type=\"widget\" data-e-type=\"widget\" data-widget_type=\"text-editor.default\">\n\t\t\t\t\t\t\t\t\t<p>Si deseas obtener mejores beneficios y ahorro, af\u00edliate al mejor plan de medicina prepagada.<\/p>\t\t\t\t\t\t\t\t<\/div>\n\t\t\t\t<div class=\"elementor-element elementor-element-8b24021 elementor-widget elementor-widget-button\" data-id=\"8b24021\" data-element_type=\"widget\" data-e-type=\"widget\" data-widget_type=\"button.default\">\n\t\t\t\t\t\t\t\t\t\t<a class=\"elementor-button elementor-button-link elementor-size-sm\" href=\"https:\/\/afiliacionenlinea.medismart.net\/\">\n\t\t\t\t\t\t<span class=\"elementor-button-content-wrapper\">\n\t\t\t\t\t\t\t\t\t<span class=\"elementor-button-text\">Af\u00edliese a MediSmart<\/span>\n\t\t\t\t\t<\/span>\n\t\t\t\t\t<\/a>\n\t\t\t\t\t\t\t\t<\/div>\n\t\t\t\t<\/div>\n\t\t\t\t<\/div>\n\t\t\t\t\t<\/div>\n\t\t\t\t<\/div>\n\t\t<div class=\"elementor-element elementor-element-99c2ac4 e-flex e-con-boxed e-con e-parent\" data-id=\"99c2ac4\" data-element_type=\"container\" data-e-type=\"container\" data-settings=\"{&quot;background_background&quot;:&quot;classic&quot;}\">\n\t\t\t\t\t<div class=\"e-con-inner\">\n\t\t<div class=\"elementor-element elementor-element-ea5cff4 e-flex e-con-boxed e-con e-child\" data-id=\"ea5cff4\" data-element_type=\"container\" data-e-type=\"container\">\n\t\t\t\t\t<div class=\"e-con-inner\">\n\t\t\t\t<div class=\"elementor-element elementor-element-eaa3116 elementor-widget elementor-widget-image\" data-id=\"eaa3116\" data-element_type=\"widget\" data-e-type=\"widget\" data-widget_type=\"image.default\">\n\t\t\t\t\t\t\t\t\t\t\t\t\t\t\t<img decoding=\"async\" width=\"139\" height=\"139\" src=\"https:\/\/saatcr.com\/wp-content\/uploads\/2026\/02\/Icvono_Plan-individual.svg\" class=\"attachment-large size-large wp-image-32\" alt=\"\" \/>\t\t\t\t\t\t\t\t\t\t\t\t\t\t\t<\/div>\n\t\t<div class=\"elementor-element elementor-element-f0677f0 e-con-full e-flex e-con e-child\" data-id=\"f0677f0\" data-element_type=\"container\" data-e-type=\"container\">\n\t\t\t\t<div class=\"elementor-element elementor-element-c437c29 elementor-widget elementor-widget-heading\" data-id=\"c437c29\" data-element_type=\"widget\" data-e-type=\"widget\" data-widget_type=\"heading.default\">\n\t\t\t\t\t<h2 class=\"elementor-heading-title elementor-size-default\">PLAN INDIVIDUAL<\/h2>\t\t\t\t<\/div>\n\t\t\t\t<\/div>\n\t\t\t\t\t<\/div>\n\t\t\t\t<\/div>\n\t\t<div class=\"elementor-element elementor-element-4311c78 e-con-full e-flex e-con e-child\" data-id=\"4311c78\" data-element_type=\"container\" data-e-type=\"container\">\n\t\t<div class=\"elementor-element elementor-element-f02773d e-con-full elementor-hidden-tablet elementor-hidden-mobile e-flex e-con e-child\" data-id=\"f02773d\" data-element_type=\"container\" data-e-type=\"container\">\n\t\t\t\t<\/div>\n\t\t<div class=\"elementor-element elementor-element-8ee6c4f e-con-full e-flex e-con e-child\" data-id=\"8ee6c4f\" data-element_type=\"container\" data-e-type=\"container\">\n\t\t\t\t<div class=\"elementor-element elementor-element-3efa1a1 elementor-widget elementor-widget-heading\" data-id=\"3efa1a1\" data-element_type=\"widget\" data-e-type=\"widget\" data-widget_type=\"heading.default\">\n\t\t\t\t\t<h2 class=\"elementor-heading-title elementor-size-default\">Pensado para estar siempre a su lado<\/h2>\t\t\t\t<\/div>\n\t\t\t\t<div class=\"elementor-element elementor-element-3763ead elementor-widget elementor-widget-text-editor\" data-id=\"3763ead\" data-element_type=\"widget\" data-e-type=\"widget\" data-widget_type=\"text-editor.default\">\n\t\t\t\t\t\t\t\t\t<p>Un plan pensado para quienes pasan gran parte del d\u00eda solos y necesitan saber que, ante cualquier imprevisto, siempre habr\u00e1 alguien listo para responder.<\/p>\t\t\t\t\t\t\t\t<\/div>\n\t\t\t\t<\/div>\n\t\t\t\t<\/div>\n\t\t\t\t<div class=\"elementor-element elementor-element-044ff2e elementor-widget elementor-widget-image\" data-id=\"044ff2e\" data-element_type=\"widget\" data-e-type=\"widget\" data-widget_type=\"image.default\">\n\t\t\t\t\t\t\t\t\t\t\t\t\t\t\t<img decoding=\"async\" width=\"87\" height=\"87\" src=\"https:\/\/saatcr.com\/wp-content\/uploads\/2026\/02\/individual_icons2.svg\" class=\"attachment-large size-large wp-image-34\" alt=\"\" \/>\t\t\t\t\t\t\t\t\t\t\t\t\t\t\t<\/div>\n\t\t<div class=\"elementor-element elementor-element-81e5704 e-con-full e-flex e-con e-child\" data-id=\"81e5704\" data-element_type=\"container\" data-e-type=\"container\" data-settings=\"{&quot;background_background&quot;:&quot;classic&quot;}\">\n\t\t\t\t<div class=\"elementor-element elementor-element-c0bf5bf elementor-widget elementor-widget-text-editor\" data-id=\"c0bf5bf\" data-element_type=\"widget\" data-e-type=\"widget\" data-widget_type=\"text-editor.default\">\n\t\t\t\t\t\t\t\t\t<p>Es la tranquilidad de saber que usted nunca est\u00e1 realmente solo, porque cuenta con un servicio que trabaja 24\/7, con ambulancias de soporte avanzado, telemedicina y atenci\u00f3n m\u00e9dica en casa cuando lo necesite.<br \/>\u2028 Un respaldo continuo, claro y accesible para mantener su seguridad en todo momento.<\/p>\t\t\t\t\t\t\t\t<\/div>\n\t\t\t\t<\/div>\n\t\t\t\t\t<\/div>\n\t\t\t\t<\/div>\n\t\t<div class=\"elementor-element elementor-element-a29e777 e-flex e-con-boxed e-con e-parent\" data-id=\"a29e777\" data-element_type=\"container\" data-e-type=\"container\" data-settings=\"{&quot;background_background&quot;:&quot;classic&quot;}\">\n\t\t\t\t\t<div class=\"e-con-inner\">\n\t\t<div class=\"elementor-element elementor-element-f9072c4 e-flex e-con-boxed e-con e-child\" data-id=\"f9072c4\" data-element_type=\"container\" data-e-type=\"container\">\n\t\t\t\t\t<div class=\"e-con-inner\">\n\t\t\t\t<div class=\"elementor-element elementor-element-8c15251 elementor-widget elementor-widget-image\" data-id=\"8c15251\" data-element_type=\"widget\" data-e-type=\"widget\" data-widget_type=\"image.default\">\n\t\t\t\t\t\t\t\t\t\t\t\t\t\t\t<img loading=\"lazy\" decoding=\"async\" width=\"139\" height=\"139\" src=\"https:\/\/saatcr.com\/wp-content\/uploads\/2026\/02\/ICONO_FAMILIAR.svg\" class=\"attachment-large size-large wp-image-197\" alt=\"\" \/>\t\t\t\t\t\t\t\t\t\t\t\t\t\t\t<\/div>\n\t\t<div class=\"elementor-element elementor-element-37deadb e-con-full e-flex e-con e-child\" data-id=\"37deadb\" data-element_type=\"container\" data-e-type=\"container\">\n\t\t\t\t<div class=\"elementor-element elementor-element-171bf2f elementor-widget elementor-widget-heading\" data-id=\"171bf2f\" data-element_type=\"widget\" data-e-type=\"widget\" data-widget_type=\"heading.default\">\n\t\t\t\t\t<h2 class=\"elementor-heading-title elementor-size-default\">PLAN \nFAMILIAR<\/h2>\t\t\t\t<\/div>\n\t\t\t\t<\/div>\n\t\t\t\t\t<\/div>\n\t\t\t\t<\/div>\n\t\t<div class=\"elementor-element elementor-element-bad9d14 e-con-full e-flex e-con e-child\" data-id=\"bad9d14\" data-element_type=\"container\" data-e-type=\"container\">\n\t\t<div class=\"elementor-element elementor-element-1d0bae7 e-con-full elementor-hidden-mobile elementor-hidden-tablet e-flex e-con e-child\" data-id=\"1d0bae7\" data-element_type=\"container\" data-e-type=\"container\">\n\t\t\t\t<\/div>\n\t\t<div class=\"elementor-element elementor-element-685ae8c e-con-full e-flex e-con e-child\" data-id=\"685ae8c\" data-element_type=\"container\" data-e-type=\"container\">\n\t\t\t\t<div class=\"elementor-element elementor-element-051323e elementor-widget elementor-widget-heading\" data-id=\"051323e\" data-element_type=\"widget\" data-e-type=\"widget\" data-widget_type=\"heading.default\">\n\t\t\t\t\t<h2 class=\"elementor-heading-title elementor-size-default\">Protecci\u00f3n y tranquilidad para los suyos.<\/h2>\t\t\t\t<\/div>\n\t\t\t\t<div class=\"elementor-element elementor-element-fdd9f99 elementor-widget elementor-widget-text-editor\" data-id=\"fdd9f99\" data-element_type=\"widget\" data-e-type=\"widget\" data-widget_type=\"text-editor.default\">\n\t\t\t\t\t\t\t\t\t<p>Dise\u00f1ado para hogares con adultos mayores, ni\u00f1os o personas con condiciones que requieren atenci\u00f3n r\u00e1pida y confiable.<\/p>\t\t\t\t\t\t\t\t<\/div>\n\t\t\t\t<\/div>\n\t\t\t\t<\/div>\n\t\t\t\t<div class=\"elementor-element elementor-element-fdd7a2c elementor-widget elementor-widget-image\" data-id=\"fdd7a2c\" data-element_type=\"widget\" data-e-type=\"widget\" data-widget_type=\"image.default\">\n\t\t\t\t\t\t\t\t\t\t\t\t\t\t\t<img loading=\"lazy\" decoding=\"async\" width=\"87\" height=\"87\" src=\"https:\/\/saatcr.com\/wp-content\/uploads\/2026\/02\/icon_familia.svg\" class=\"attachment-large size-large wp-image-202\" alt=\"\" \/>\t\t\t\t\t\t\t\t\t\t\t\t\t\t\t<\/div>\n\t\t<div class=\"elementor-element elementor-element-31faa09 e-con-full e-flex e-con e-child\" data-id=\"31faa09\" data-element_type=\"container\" data-e-type=\"container\" data-settings=\"{&quot;background_background&quot;:&quot;classic&quot;}\">\n\t\t\t\t<div class=\"elementor-element elementor-element-eb27c32 elementor-widget elementor-widget-text-editor\" data-id=\"eb27c32\" data-element_type=\"widget\" data-e-type=\"widget\" data-widget_type=\"text-editor.default\">\n\t\t\t\t\t\t\t\t\t<p>Es la tranquilidad de saber que, si alguien se siente mal en casa, usted puede contar con atenci\u00f3n profesional a cualquier hora, visitas m\u00e9dicas a domicilio, telemedicina y traslados programados seg\u00fan necesidad.<\/p>\t\t\t\t\t\t\t\t<\/div>\n\t\t\t\t<\/div>\n\t\t\t\t\t<\/div>\n\t\t\t\t<\/div>\n\t\t<div class=\"elementor-element elementor-element-ad84f65 e-flex e-con-boxed e-con e-parent\" data-id=\"ad84f65\" data-element_type=\"container\" data-e-type=\"container\" data-settings=\"{&quot;background_background&quot;:&quot;classic&quot;}\">\n\t\t\t\t\t<div class=\"e-con-inner\">\n\t\t<div class=\"elementor-element elementor-element-3298b01 e-flex e-con-boxed e-con e-child\" data-id=\"3298b01\" data-element_type=\"container\" data-e-type=\"container\">\n\t\t\t\t\t<div class=\"e-con-inner\">\n\t\t\t\t<div class=\"elementor-element elementor-element-b7fb58c elementor-widget elementor-widget-image\" data-id=\"b7fb58c\" data-element_type=\"widget\" data-e-type=\"widget\" data-widget_type=\"image.default\">\n\t\t\t\t\t\t\t\t\t\t\t\t\t\t\t<img loading=\"lazy\" decoding=\"async\" width=\"139\" height=\"139\" src=\"https:\/\/saatcr.com\/wp-content\/uploads\/2026\/02\/Icon_empresarial.svg\" class=\"attachment-large size-large wp-image-204\" alt=\"\" \/>\t\t\t\t\t\t\t\t\t\t\t\t\t\t\t<\/div>\n\t\t<div class=\"elementor-element elementor-element-d9eb717 e-con-full e-flex e-con e-child\" data-id=\"d9eb717\" data-element_type=\"container\" data-e-type=\"container\" data-settings=\"{&quot;background_background&quot;:&quot;classic&quot;}\">\n\t\t\t\t<div class=\"elementor-element elementor-element-8774adb elementor-widget elementor-widget-heading\" data-id=\"8774adb\" data-element_type=\"widget\" data-e-type=\"widget\" data-widget_type=\"heading.default\">\n\t\t\t\t\t<h2 class=\"elementor-heading-title elementor-size-default\">PLAN EMPRESARIAL<\/h2>\t\t\t\t<\/div>\n\t\t\t\t<\/div>\n\t\t\t\t\t<\/div>\n\t\t\t\t<\/div>\n\t\t<div class=\"elementor-element elementor-element-0445785 e-con-full e-flex e-con e-child\" data-id=\"0445785\" data-element_type=\"container\" data-e-type=\"container\">\n\t\t<div class=\"elementor-element elementor-element-b263d55 e-con-full elementor-hidden-mobile elementor-hidden-tablet e-flex e-con e-child\" data-id=\"b263d55\" data-element_type=\"container\" data-e-type=\"container\">\n\t\t\t\t<\/div>\n\t\t<div class=\"elementor-element elementor-element-9745180 e-con-full e-flex e-con e-child\" data-id=\"9745180\" data-element_type=\"container\" data-e-type=\"container\">\n\t\t\t\t<div class=\"elementor-element elementor-element-882d5a9 elementor-widget elementor-widget-heading\" data-id=\"882d5a9\" data-element_type=\"widget\" data-e-type=\"widget\" data-widget_type=\"heading.default\">\n\t\t\t\t\t<h2 class=\"elementor-heading-title elementor-size-default\">Un equipo sano trabaja mejor, y un equipo protegido trabaja con confianza.<\/h2>\t\t\t\t<\/div>\n\t\t\t\t<div class=\"elementor-element elementor-element-eaf4a4c elementor-widget elementor-widget-text-editor\" data-id=\"eaf4a4c\" data-element_type=\"widget\" data-e-type=\"widget\" data-widget_type=\"text-editor.default\">\n\t\t\t\t\t\t\t\t\t<p>Dise\u00f1ado para compa\u00f1\u00edas que desean ofrecer a sus colaboradores un respaldo m\u00e9dico inmediato, profesional<br \/>y altamente coordinado ante cualquier eventualidad.<\/p>\t\t\t\t\t\t\t\t<\/div>\n\t\t\t\t<\/div>\n\t\t\t\t<\/div>\n\t\t\t\t<div class=\"elementor-element elementor-element-badc364 elementor-widget elementor-widget-image\" data-id=\"badc364\" data-element_type=\"widget\" data-e-type=\"widget\" data-widget_type=\"image.default\">\n\t\t\t\t\t\t\t\t\t\t\t\t\t\t\t<img loading=\"lazy\" decoding=\"async\" width=\"87\" height=\"87\" src=\"https:\/\/saatcr.com\/wp-content\/uploads\/2026\/02\/icon_empresa.svg\" class=\"attachment-large size-large wp-image-205\" alt=\"\" \/>\t\t\t\t\t\t\t\t\t\t\t\t\t\t\t<\/div>\n\t\t<div class=\"elementor-element elementor-element-6e2c5af e-con-full e-flex e-con e-child\" data-id=\"6e2c5af\" data-element_type=\"container\" data-e-type=\"container\" data-settings=\"{&quot;background_background&quot;:&quot;classic&quot;}\">\n\t\t\t\t<div class=\"elementor-element elementor-element-912a969 elementor-widget elementor-widget-text-editor\" data-id=\"912a969\" data-element_type=\"widget\" data-e-type=\"widget\" data-widget_type=\"text-editor.default\">\n\t\t\t\t\t\t\t\t\t<p>Es la tranquilidad de saber que, su equipo de trabajo est\u00e1 en buenas manos, y con la atenci\u00f3n r\u00e1pida y oportuna que necesitan, respondiendo a cualquier eventualidad que se presente en su jornada laboral.<\/p>\t\t\t\t\t\t\t\t<\/div>\n\t\t\t\t<\/div>\n\t\t\t\t\t<\/div>\n\t\t\t\t<\/div>\n\t\t<div class=\"elementor-element elementor-element-202fc9d e-flex e-con-boxed e-con e-parent\" data-id=\"202fc9d\" data-element_type=\"container\" data-e-type=\"container\">\n\t\t\t\t\t<div class=\"e-con-inner\">\n\t\t\t\t<div class=\"elementor-element elementor-element-4313fbf elementor-widget elementor-widget-text-editor\" data-id=\"4313fbf\" data-element_type=\"widget\" data-e-type=\"widget\" data-widget_type=\"text-editor.default\">\n\t\t\t\t\t\t\t\t\t<p><a href=\"http:\/\/saatcr.com\/wp-content\/uploads\/2026\/02\/TERMINOS-Y-CONDICIONES-MEMBRESIA-SERVICIOS-EXTRAHOSPITALARIOS-AMBULANCIA-SAAT.docx\">Consulte nuestros t\u00e9rminos, condiciones<\/a><\/p>\t\t\t\t\t\t\t\t<\/div>\n\t\t\t\t\t<\/div>\n\t\t\t\t<\/div>\n\t\t<div class=\"elementor-element elementor-element-82b3640 e-flex e-con-boxed e-con e-parent\" data-id=\"82b3640\" data-element_type=\"container\" data-e-type=\"container\">\n\t\t\t\t\t<div class=\"e-con-inner\">\n\t\t\t\t<div class=\"elementor-element elementor-element-b5eecae elementor-widget elementor-widget-text-editor\" data-id=\"b5eecae\" data-element_type=\"widget\" data-e-type=\"widget\" data-widget_type=\"text-editor.default\">\n\t\t\t\t\t\t\t\t\t<p><a href=\"http:\/\/saatcr.com\/wp-content\/uploads\/2026\/02\/POLITICA-DE-PRIVACIDAD-Y-PROTECCION-DE-DATOS-PERSONALES-SAAT.docx\">Consulte nuestra pol\u00edtica de privacidad<\/a><\/p>\t\t\t\t\t\t\t\t<\/div>\n\t\t\t\t\t<\/div>\n\t\t\t\t<\/div>\n\t\t\t\t<\/div>","protected":false},"excerpt":{"rendered":"<p>Planes La afiliaci\u00f3n de SAAT, en alianza con MediSmart, le ofrece atenci\u00f3n m\u00e9dica de emergencia y beneficios adicionales en una amplia red de servicios de salud, garantizando respaldo, ahorro y tranquilidad para usted y su familia. Si deseas obtener mejores beneficios y ahorro, af\u00edliate al mejor plan de medicina prepagada. Af\u00edliese a MediSmart PLAN INDIVIDUAL [&hellip;]<\/p>\n","protected":false},"author":1,"featured_media":0,"parent":0,"menu_order":0,"comment_status":"closed","ping_status":"closed","template":"","meta":{"footnotes":""},"class_list":["post-18","page","type-page","status-publish","hentry"],"_hostinger_reach_plugin_has_subscription_block":false,"_hostinger_reach_plugin_is_elementor":false,"_links":{"self":[{"href":"https:\/\/saatcr.com\/en_us\/wp-json\/wp\/v2\/pages\/18","targetHints":{"allow":["GET"]}}],"collection":[{"href":"https:\/\/saatcr.com\/en_us\/wp-json\/wp\/v2\/pages"}],"about":[{"href":"https:\/\/saatcr.com\/en_us\/wp-json\/wp\/v2\/types\/page"}],"author":[{"embeddable":true,"href":"https:\/\/saatcr.com\/en_us\/wp-json\/wp\/v2\/users\/1"}],"replies":[{"embeddable":true,"href":"https:\/\/saatcr.com\/en_us\/wp-json\/wp\/v2\/comments?post=18"}],"version-history":[{"count":82,"href":"https:\/\/saatcr.com\/en_us\/wp-json\/wp\/v2\/pages\/18\/revisions"}],"predecessor-version":[{"id":1599,"href":"https:\/\/saatcr.com\/en_us\/wp-json\/wp\/v2\/pages\/18\/revisions\/1599"}],"wp:attachment":[{"href":"https:\/\/saatcr.com\/en_us\/wp-json\/wp\/v2\/media?parent=18"}],"curies":[{"name":"wp","href":"https:\/\/api.w.org\/{rel}","templated":true}]}}