{"id":239,"date":"2026-02-04T21:03:26","date_gmt":"2026-02-04T21:03:26","guid":{"rendered":"https:\/\/saatcr.com\/?page_id=239"},"modified":"2026-03-24T03:56:28","modified_gmt":"2026-03-24T03:56:28","slug":"plan-individual","status":"publish","type":"page","link":"https:\/\/saatcr.com\/en_us\/plan-individual\/","title":{"rendered":"Plan Individual"},"content":{"rendered":"<div data-elementor-type=\"wp-page\" data-elementor-id=\"239\" class=\"elementor elementor-239\" data-elementor-post-type=\"page\">\n\t\t\t\t<div class=\"elementor-element elementor-element-99c2ac4 e-flex e-con-boxed e-con e-parent\" data-id=\"99c2ac4\" data-element_type=\"container\" data-e-type=\"container\" data-settings=\"{&quot;background_background&quot;:&quot;classic&quot;}\">\n\t\t\t\t\t<div class=\"e-con-inner\">\n\t\t<div class=\"elementor-element elementor-element-ea5cff4 e-flex e-con-boxed e-con e-child\" data-id=\"ea5cff4\" data-element_type=\"container\" data-e-type=\"container\">\n\t\t\t\t\t<div class=\"e-con-inner\">\n\t\t\t\t<div class=\"elementor-element elementor-element-eaa3116 elementor-widget elementor-widget-image\" data-id=\"eaa3116\" data-element_type=\"widget\" data-e-type=\"widget\" data-widget_type=\"image.default\">\n\t\t\t\t\t\t\t\t\t\t\t\t\t\t\t<img decoding=\"async\" width=\"139\" height=\"139\" src=\"https:\/\/saatcr.com\/wp-content\/uploads\/2026\/02\/Icvono_Plan-individual.svg\" class=\"attachment-large size-large wp-image-32\" alt=\"\" \/>\t\t\t\t\t\t\t\t\t\t\t\t\t\t\t<\/div>\n\t\t<div class=\"elementor-element elementor-element-f0677f0 e-con-full e-flex e-con e-child\" data-id=\"f0677f0\" data-element_type=\"container\" data-e-type=\"container\">\n\t\t\t\t<div class=\"elementor-element elementor-element-c437c29 elementor-widget elementor-widget-heading\" data-id=\"c437c29\" data-element_type=\"widget\" data-e-type=\"widget\" data-widget_type=\"heading.default\">\n\t\t\t\t\t<h2 class=\"elementor-heading-title elementor-size-default\">PLAN INDIVIDUAL<\/h2>\t\t\t\t<\/div>\n\t\t\t\t<\/div>\n\t\t\t\t\t<\/div>\n\t\t\t\t<\/div>\n\t\t<div class=\"elementor-element elementor-element-4311c78 e-con-full e-flex e-con e-child\" data-id=\"4311c78\" data-element_type=\"container\" data-e-type=\"container\">\n\t\t<div class=\"elementor-element elementor-element-f02773d e-con-full elementor-hidden-mobile elementor-hidden-tablet e-flex e-con e-child\" data-id=\"f02773d\" data-element_type=\"container\" data-e-type=\"container\">\n\t\t\t\t<\/div>\n\t\t<div class=\"elementor-element elementor-element-8ee6c4f e-con-full e-flex e-con e-child\" data-id=\"8ee6c4f\" data-element_type=\"container\" data-e-type=\"container\">\n\t\t\t\t<div class=\"elementor-element elementor-element-3efa1a1 elementor-widget elementor-widget-heading\" data-id=\"3efa1a1\" data-element_type=\"widget\" data-e-type=\"widget\" data-widget_type=\"heading.default\">\n\t\t\t\t\t<h2 class=\"elementor-heading-title elementor-size-default\">Pensado para estar siempre a su lado<\/h2>\t\t\t\t<\/div>\n\t\t\t\t<div class=\"elementor-element elementor-element-3763ead elementor-widget elementor-widget-text-editor\" data-id=\"3763ead\" data-element_type=\"widget\" data-e-type=\"widget\" data-widget_type=\"text-editor.default\">\n\t\t\t\t\t\t\t\t\t<p>Un plan pensado para quienes pasan gran parte del d\u00eda solos y necesitan saber que, ante cualquier imprevisto, siempre habr\u00e1 alguien listo para responder.<\/p>\t\t\t\t\t\t\t\t<\/div>\n\t\t\t\t<\/div>\n\t\t\t\t<\/div>\n\t\t\t\t<div class=\"elementor-element elementor-element-044ff2e elementor-widget elementor-widget-image\" data-id=\"044ff2e\" data-element_type=\"widget\" data-e-type=\"widget\" data-widget_type=\"image.default\">\n\t\t\t\t\t\t\t\t\t\t\t\t\t\t\t<img decoding=\"async\" width=\"87\" height=\"87\" src=\"https:\/\/saatcr.com\/wp-content\/uploads\/2026\/02\/individual_icons2.svg\" class=\"attachment-large size-large wp-image-34\" alt=\"\" \/>\t\t\t\t\t\t\t\t\t\t\t\t\t\t\t<\/div>\n\t\t<div class=\"elementor-element elementor-element-81e5704 e-con-full e-flex e-con e-child\" data-id=\"81e5704\" data-element_type=\"container\" data-e-type=\"container\" data-settings=\"{&quot;background_background&quot;:&quot;classic&quot;}\">\n\t\t\t\t<div class=\"elementor-element elementor-element-c0bf5bf elementor-widget elementor-widget-text-editor\" data-id=\"c0bf5bf\" data-element_type=\"widget\" data-e-type=\"widget\" data-widget_type=\"text-editor.default\">\n\t\t\t\t\t\t\t\t\t<p>Es la tranquilidad de saber que usted nunca est\u00e1 realmente solo, porque cuenta con un servicio que trabaja 24\/7, con ambulancias de soporte avanzado, telemedicina y atenci\u00f3n m\u00e9dica en casa cuando lo necesite.<br \/>\u2028 Un respaldo continuo, claro y accesible para mantener su seguridad en todo momento.<\/p>\t\t\t\t\t\t\t\t<\/div>\n\t\t\t\t<\/div>\n\t\t\t\t\t<\/div>\n\t\t\t\t<\/div>\n\t\t<div class=\"elementor-element elementor-element-2b0f9f8 e-flex e-con-boxed e-con e-parent\" data-id=\"2b0f9f8\" data-element_type=\"container\" data-e-type=\"container\">\n\t\t\t\t\t<div class=\"e-con-inner\">\n\t\t\t\t<div class=\"elementor-element elementor-element-394e4d3 elementor-align-center elementor-widget elementor-widget-button\" data-id=\"394e4d3\" data-element_type=\"widget\" data-e-type=\"widget\" data-widget_type=\"button.default\">\n\t\t\t\t\t\t\t\t\t\t<a class=\"elementor-button elementor-button-link elementor-size-sm\" href=\"https:\/\/api.whatsapp.com\/send?phone=50663924868\">\n\t\t\t\t\t\t<span class=\"elementor-button-content-wrapper\">\n\t\t\t\t\t\t\t\t\t<span class=\"elementor-button-text\">Elegir plan<\/span>\n\t\t\t\t\t<\/span>\n\t\t\t\t\t<\/a>\n\t\t\t\t\t\t\t\t<\/div>\n\t\t\t\t<div class=\"elementor-element elementor-element-c15c15c elementor-hidden-mobile elementor-hidden-tablet elementor-widget elementor-widget-spacer\" data-id=\"c15c15c\" data-element_type=\"widget\" data-e-type=\"widget\" data-widget_type=\"spacer.default\">\n\t\t\t\t\t\t\t<div class=\"elementor-spacer\">\n\t\t\t<div class=\"elementor-spacer-inner\"><\/div>\n\t\t<\/div>\n\t\t\t\t\t\t<\/div>\n\t\t\t\t<div class=\"elementor-element elementor-element-97daa8a elementor-widget elementor-widget-heading\" data-id=\"97daa8a\" data-element_type=\"widget\" data-e-type=\"widget\" data-widget_type=\"heading.default\">\n\t\t\t\t\t<h2 class=\"elementor-heading-title elementor-size-default\">Beneficios<\/h2>\t\t\t\t<\/div>\n\t\t\t\t<div class=\"elementor-element elementor-element-5441f77 elementor-widget elementor-widget-text-editor\" data-id=\"5441f77\" data-element_type=\"widget\" data-e-type=\"widget\" data-widget_type=\"text-editor.default\">\n\t\t\t\t\t\t\t\t\t<p>Dentro de nuestros beneficios se encuentran los siguientes<\/p>\t\t\t\t\t\t\t\t<\/div>\n\t\t\t\t<div class=\"elementor-element elementor-element-5a57754 elementor-widget elementor-widget-image\" data-id=\"5a57754\" data-element_type=\"widget\" data-e-type=\"widget\" data-widget_type=\"image.default\">\n\t\t\t\t\t\t\t\t\t\t\t\t\t\t\t<img fetchpriority=\"high\" decoding=\"async\" width=\"800\" height=\"405\" src=\"https:\/\/saatcr.com\/wp-content\/uploads\/2026\/02\/BENEFICIOS-1024x519.png\" class=\"attachment-large size-large wp-image-1575\" alt=\"\" srcset=\"https:\/\/saatcr.com\/wp-content\/uploads\/2026\/02\/BENEFICIOS-1024x519.png 1024w, https:\/\/saatcr.com\/wp-content\/uploads\/2026\/02\/BENEFICIOS-300x152.png 300w, https:\/\/saatcr.com\/wp-content\/uploads\/2026\/02\/BENEFICIOS-768x389.png 768w, https:\/\/saatcr.com\/wp-content\/uploads\/2026\/02\/BENEFICIOS-1536x778.png 1536w, https:\/\/saatcr.com\/wp-content\/uploads\/2026\/02\/BENEFICIOS.png 1646w\" sizes=\"(max-width: 800px) 100vw, 800px\" \/>\t\t\t\t\t\t\t\t\t\t\t\t\t\t\t<\/div>\n\t\t\t\t<div class=\"elementor-element elementor-element-6065a62 elementor-hidden-desktop elementor-hidden-tablet elementor-hidden-mobile elementor-widget elementor-widget-text-editor\" data-id=\"6065a62\" data-element_type=\"widget\" data-e-type=\"widget\" data-widget_type=\"text-editor.default\">\n\t\t\t\t\t\t\t\t\t<p>*El beneficiario debe estar activo con el plan MediSmart<\/p>\t\t\t\t\t\t\t\t<\/div>\n\t\t<div class=\"elementor-element elementor-element-1c0c456 e-con-full e-flex e-con e-child\" data-id=\"1c0c456\" data-element_type=\"container\" data-e-type=\"container\">\n\t\t\t\t<div class=\"elementor-element elementor-element-6dd11a7 elementor-widget elementor-widget-heading\" data-id=\"6dd11a7\" data-element_type=\"widget\" data-e-type=\"widget\" data-widget_type=\"heading.default\">\n\t\t\t\t\t<h2 class=\"elementor-heading-title elementor-size-default\">Precios<\/h2>\t\t\t\t<\/div>\n\t\t\t\t<div class=\"elementor-element elementor-element-8a68ed6 elementor-widget elementor-widget-text-editor\" data-id=\"8a68ed6\" data-element_type=\"widget\" data-e-type=\"widget\" data-widget_type=\"text-editor.default\">\n\t\t\t\t\t\t\t\t\t<p>Precios regulares y precios con convenio MediSmart<\/p>\t\t\t\t\t\t\t\t<\/div>\n\t\t\t\t<div class=\"elementor-element elementor-element-aeab968 elementor-widget elementor-widget-image\" data-id=\"aeab968\" data-element_type=\"widget\" data-e-type=\"widget\" data-widget_type=\"image.default\">\n\t\t\t\t\t\t\t\t\t\t\t\t\t\t\t<img loading=\"lazy\" decoding=\"async\" width=\"800\" height=\"239\" src=\"https:\/\/saatcr.com\/wp-content\/uploads\/2026\/02\/precios_individual.svg\" class=\"attachment-large size-large wp-image-253\" alt=\"\" \/>\t\t\t\t\t\t\t\t\t\t\t\t\t\t\t<\/div>\n\t\t\t\t<div class=\"elementor-element elementor-element-72032b5 elementor-hidden-mobile elementor-hidden-tablet elementor-widget elementor-widget-spacer\" data-id=\"72032b5\" data-element_type=\"widget\" data-e-type=\"widget\" data-widget_type=\"spacer.default\">\n\t\t\t\t\t\t\t<div class=\"elementor-spacer\">\n\t\t\t<div class=\"elementor-spacer-inner\"><\/div>\n\t\t<\/div>\n\t\t\t\t\t\t<\/div>\n\t\t\t\t<\/div>\n\t\t\t\t<div class=\"elementor-element elementor-element-cd19f44 elementor-widget elementor-widget-image\" data-id=\"cd19f44\" data-element_type=\"widget\" data-e-type=\"widget\" data-widget_type=\"image.default\">\n\t\t\t\t\t\t\t\t\t\t\t\t\t\t\t<img loading=\"lazy\" decoding=\"async\" width=\"723\" height=\"214\" src=\"https:\/\/saatcr.com\/wp-content\/uploads\/2026\/02\/hoy_mismo.png\" class=\"attachment-large size-large wp-image-254\" alt=\"\" srcset=\"https:\/\/saatcr.com\/wp-content\/uploads\/2026\/02\/hoy_mismo.png 723w, https:\/\/saatcr.com\/wp-content\/uploads\/2026\/02\/hoy_mismo-300x89.png 300w\" sizes=\"(max-width: 723px) 100vw, 723px\" \/>\t\t\t\t\t\t\t\t\t\t\t\t\t\t\t<\/div>\n\t\t\t\t<div class=\"elementor-element elementor-element-8a2a4c5 elementor-hidden-mobile elementor-hidden-tablet elementor-widget elementor-widget-spacer\" data-id=\"8a2a4c5\" data-element_type=\"widget\" data-e-type=\"widget\" data-widget_type=\"spacer.default\">\n\t\t\t\t\t\t\t<div class=\"elementor-spacer\">\n\t\t\t<div class=\"elementor-spacer-inner\"><\/div>\n\t\t<\/div>\n\t\t\t\t\t\t<\/div>\n\t\t\t\t<div class=\"elementor-element elementor-element-02cb974 elementor-widget elementor-widget-text-editor\" data-id=\"02cb974\" data-element_type=\"widget\" data-e-type=\"widget\" data-widget_type=\"text-editor.default\">\n\t\t\t\t\t\t\t\t\t<p><a href=\"https:\/\/saatcr.com\/wp-content\/uploads\/2026\/03\/TERMINOS-Y-CONDICIONES-MEMBRESIA-SERVICIOS-EXTRAHOSPITALARIOS-AMBULANCIA-SAAT.pdf\" target=\"_blank\" rel=\"noopener\">Consulte nuestros t\u00e9rminos y condiciones<\/a><\/p>\t\t\t\t\t\t\t\t<\/div>\n\t\t\t\t<div class=\"elementor-element elementor-element-66b3a3a elementor-widget elementor-widget-text-editor\" data-id=\"66b3a3a\" data-element_type=\"widget\" data-e-type=\"widget\" data-widget_type=\"text-editor.default\">\n\t\t\t\t\t\t\t\t\t<p><a href=\"https:\/\/saatcr.com\/wp-content\/uploads\/2026\/03\/POLITICA-DE-PRIVACIDAD-Y-PROTECCION-DE-DATOS-PERSONALES-SAAT.pdf\" target=\"_blank\" rel=\"noopener\">Consulte nuestra pol\u00edtica de privacidad<\/a><\/p>\t\t\t\t\t\t\t\t<\/div>\n\t\t\t\t\t<\/div>\n\t\t\t\t<\/div>\n\t\t\t\t<\/div>","protected":false},"excerpt":{"rendered":"<p>PLAN INDIVIDUAL Pensado para estar siempre a su lado Un plan pensado para quienes pasan gran parte del d\u00eda solos y necesitan saber que, ante cualquier imprevisto, siempre habr\u00e1 alguien listo para responder. Es la tranquilidad de saber que usted nunca est\u00e1 realmente solo, porque cuenta con un servicio que trabaja 24\/7, con ambulancias de [&hellip;]<\/p>\n","protected":false},"author":1,"featured_media":0,"parent":0,"menu_order":0,"comment_status":"closed","ping_status":"closed","template":"","meta":{"footnotes":""},"class_list":["post-239","page","type-page","status-publish","hentry"],"_hostinger_reach_plugin_has_subscription_block":false,"_hostinger_reach_plugin_is_elementor":false,"_links":{"self":[{"href":"https:\/\/saatcr.com\/en_us\/wp-json\/wp\/v2\/pages\/239","targetHints":{"allow":["GET"]}}],"collection":[{"href":"https:\/\/saatcr.com\/en_us\/wp-json\/wp\/v2\/pages"}],"about":[{"href":"https:\/\/saatcr.com\/en_us\/wp-json\/wp\/v2\/types\/page"}],"author":[{"embeddable":true,"href":"https:\/\/saatcr.com\/en_us\/wp-json\/wp\/v2\/users\/1"}],"replies":[{"embeddable":true,"href":"https:\/\/saatcr.com\/en_us\/wp-json\/wp\/v2\/comments?post=239"}],"version-history":[{"count":37,"href":"https:\/\/saatcr.com\/en_us\/wp-json\/wp\/v2\/pages\/239\/revisions"}],"predecessor-version":[{"id":2105,"href":"https:\/\/saatcr.com\/en_us\/wp-json\/wp\/v2\/pages\/239\/revisions\/2105"}],"wp:attachment":[{"href":"https:\/\/saatcr.com\/en_us\/wp-json\/wp\/v2\/media?parent=239"}],"curies":[{"name":"wp","href":"https:\/\/api.w.org\/{rel}","templated":true}]}}