{"id":264,"date":"2026-02-04T21:26:13","date_gmt":"2026-02-04T21:26:13","guid":{"rendered":"https:\/\/saatcr.com\/?page_id=264"},"modified":"2026-03-24T03:58:04","modified_gmt":"2026-03-24T03:58:04","slug":"plan-familiar","status":"publish","type":"page","link":"https:\/\/saatcr.com\/en_us\/plan-familiar\/","title":{"rendered":"Plan Familiar"},"content":{"rendered":"<div data-elementor-type=\"wp-page\" data-elementor-id=\"264\" class=\"elementor elementor-264\" data-elementor-post-type=\"page\">\n\t\t\t\t<div class=\"elementor-element elementor-element-99c2ac4 e-flex e-con-boxed e-con e-parent\" data-id=\"99c2ac4\" data-element_type=\"container\" data-e-type=\"container\" data-settings=\"{&quot;background_background&quot;:&quot;classic&quot;}\">\n\t\t\t\t\t<div class=\"e-con-inner\">\n\t\t<div class=\"elementor-element elementor-element-ea5cff4 e-flex e-con-boxed e-con e-child\" data-id=\"ea5cff4\" data-element_type=\"container\" data-e-type=\"container\">\n\t\t\t\t\t<div class=\"e-con-inner\">\n\t\t\t\t<div class=\"elementor-element elementor-element-eaa3116 elementor-widget elementor-widget-image\" data-id=\"eaa3116\" data-element_type=\"widget\" data-e-type=\"widget\" data-widget_type=\"image.default\">\n\t\t\t\t\t\t\t\t\t\t\t\t\t\t\t<img decoding=\"async\" width=\"139\" height=\"139\" src=\"https:\/\/saatcr.com\/wp-content\/uploads\/2026\/02\/ICONO_FAMILIAR.svg\" class=\"attachment-large size-large wp-image-197\" alt=\"\" \/>\t\t\t\t\t\t\t\t\t\t\t\t\t\t\t<\/div>\n\t\t<div class=\"elementor-element elementor-element-f0677f0 e-con-full e-flex e-con e-child\" data-id=\"f0677f0\" data-element_type=\"container\" data-e-type=\"container\">\n\t\t\t\t<div class=\"elementor-element elementor-element-c437c29 elementor-widget elementor-widget-heading\" data-id=\"c437c29\" data-element_type=\"widget\" data-e-type=\"widget\" data-widget_type=\"heading.default\">\n\t\t\t\t\t<h2 class=\"elementor-heading-title elementor-size-default\">PLAN     \nFAMILIAR<\/h2>\t\t\t\t<\/div>\n\t\t\t\t<\/div>\n\t\t\t\t\t<\/div>\n\t\t\t\t<\/div>\n\t\t<div class=\"elementor-element elementor-element-4311c78 e-con-full e-flex e-con e-child\" data-id=\"4311c78\" data-element_type=\"container\" data-e-type=\"container\">\n\t\t<div class=\"elementor-element elementor-element-f02773d e-con-full elementor-hidden-mobile elementor-hidden-tablet e-flex e-con e-child\" data-id=\"f02773d\" data-element_type=\"container\" data-e-type=\"container\">\n\t\t\t\t<\/div>\n\t\t<div class=\"elementor-element elementor-element-8ee6c4f e-con-full e-flex e-con e-child\" data-id=\"8ee6c4f\" data-element_type=\"container\" data-e-type=\"container\">\n\t\t\t\t<div class=\"elementor-element elementor-element-3efa1a1 elementor-widget elementor-widget-heading\" data-id=\"3efa1a1\" data-element_type=\"widget\" data-e-type=\"widget\" data-widget_type=\"heading.default\">\n\t\t\t\t\t<h2 class=\"elementor-heading-title elementor-size-default\">Protecci\u00f3n y tranquilidad para los suyos.<\/h2>\t\t\t\t<\/div>\n\t\t\t\t<div class=\"elementor-element elementor-element-3763ead elementor-widget elementor-widget-text-editor\" data-id=\"3763ead\" data-element_type=\"widget\" data-e-type=\"widget\" data-widget_type=\"text-editor.default\">\n\t\t\t\t\t\t\t\t\t<p>Dise\u00f1ado para hogares con adultos mayores, ni\u00f1os o personas con condiciones que requieren atenci\u00f3n r\u00e1pida y confiable.<\/p>\t\t\t\t\t\t\t\t<\/div>\n\t\t\t\t<\/div>\n\t\t\t\t<\/div>\n\t\t\t\t<div class=\"elementor-element elementor-element-044ff2e elementor-widget elementor-widget-image\" data-id=\"044ff2e\" data-element_type=\"widget\" data-e-type=\"widget\" data-widget_type=\"image.default\">\n\t\t\t\t\t\t\t\t\t\t\t\t\t\t\t<img decoding=\"async\" width=\"87\" height=\"87\" src=\"https:\/\/saatcr.com\/wp-content\/uploads\/2026\/02\/icon_familia.svg\" class=\"attachment-large size-large wp-image-202\" alt=\"\" \/>\t\t\t\t\t\t\t\t\t\t\t\t\t\t\t<\/div>\n\t\t<div class=\"elementor-element elementor-element-81e5704 e-con-full e-flex e-con e-child\" data-id=\"81e5704\" data-element_type=\"container\" data-e-type=\"container\" data-settings=\"{&quot;background_background&quot;:&quot;classic&quot;}\">\n\t\t\t\t<div class=\"elementor-element elementor-element-c0bf5bf elementor-widget elementor-widget-text-editor\" data-id=\"c0bf5bf\" data-element_type=\"widget\" data-e-type=\"widget\" data-widget_type=\"text-editor.default\">\n\t\t\t\t\t\t\t\t\t<p>Es la tranquilidad de saber que, si alguien se siente mal en casa, usted puede contar con atenci\u00f3n profesional a cualquier hora, visitas m\u00e9dicas a domicilio, telemedicina y traslados programados seg\u00fan necesidad.<\/p>\t\t\t\t\t\t\t\t<\/div>\n\t\t\t\t<\/div>\n\t\t\t\t\t<\/div>\n\t\t\t\t<\/div>\n\t\t<div class=\"elementor-element elementor-element-2b0f9f8 e-flex e-con-boxed e-con e-parent\" data-id=\"2b0f9f8\" data-element_type=\"container\" data-e-type=\"container\">\n\t\t\t\t\t<div class=\"e-con-inner\">\n\t\t\t\t<div class=\"elementor-element elementor-element-394e4d3 elementor-align-center elementor-widget elementor-widget-button\" data-id=\"394e4d3\" data-element_type=\"widget\" data-e-type=\"widget\" data-widget_type=\"button.default\">\n\t\t\t\t\t\t\t\t\t\t<a class=\"elementor-button elementor-button-link elementor-size-sm\" href=\"https:\/\/api.whatsapp.com\/send?phone=50663924868\">\n\t\t\t\t\t\t<span class=\"elementor-button-content-wrapper\">\n\t\t\t\t\t\t\t\t\t<span class=\"elementor-button-text\">Elegir plan<\/span>\n\t\t\t\t\t<\/span>\n\t\t\t\t\t<\/a>\n\t\t\t\t\t\t\t\t<\/div>\n\t\t\t\t<div class=\"elementor-element elementor-element-c15c15c elementor-hidden-mobile elementor-hidden-tablet elementor-widget elementor-widget-spacer\" data-id=\"c15c15c\" data-element_type=\"widget\" data-e-type=\"widget\" data-widget_type=\"spacer.default\">\n\t\t\t\t\t\t\t<div class=\"elementor-spacer\">\n\t\t\t<div class=\"elementor-spacer-inner\"><\/div>\n\t\t<\/div>\n\t\t\t\t\t\t<\/div>\n\t\t\t\t<div class=\"elementor-element elementor-element-97daa8a elementor-widget elementor-widget-heading\" data-id=\"97daa8a\" data-element_type=\"widget\" data-e-type=\"widget\" data-widget_type=\"heading.default\">\n\t\t\t\t\t<h2 class=\"elementor-heading-title elementor-size-default\">Beneficios<\/h2>\t\t\t\t<\/div>\n\t\t\t\t<div class=\"elementor-element elementor-element-5441f77 elementor-widget elementor-widget-text-editor\" data-id=\"5441f77\" data-element_type=\"widget\" data-e-type=\"widget\" data-widget_type=\"text-editor.default\">\n\t\t\t\t\t\t\t\t\t<p>Dentro de nuestros beneficios se encuentran los siguientes<\/p>\t\t\t\t\t\t\t\t<\/div>\n\t\t\t\t<div class=\"elementor-element elementor-element-5a57754 elementor-widget elementor-widget-image\" data-id=\"5a57754\" data-element_type=\"widget\" data-e-type=\"widget\" data-widget_type=\"image.default\">\n\t\t\t\t\t\t\t\t\t\t\t\t\t\t\t<img fetchpriority=\"high\" decoding=\"async\" width=\"800\" height=\"328\" src=\"https:\/\/saatcr.com\/wp-content\/uploads\/2026\/02\/Ben_familia.svg\" class=\"attachment-large size-large wp-image-268\" alt=\"\" \/>\t\t\t\t\t\t\t\t\t\t\t\t\t\t\t<\/div>\n\t\t\t\t<div class=\"elementor-element elementor-element-6065a62 elementor-hidden-desktop elementor-hidden-tablet elementor-hidden-mobile elementor-widget elementor-widget-text-editor\" data-id=\"6065a62\" data-element_type=\"widget\" data-e-type=\"widget\" data-widget_type=\"text-editor.default\">\n\t\t\t\t\t\t\t\t\t<p>*El beneficiario debe estar activo con el plan MediSmart<\/p>\t\t\t\t\t\t\t\t<\/div>\n\t\t<div class=\"elementor-element elementor-element-1c0c456 e-con-full e-flex e-con e-child\" data-id=\"1c0c456\" data-element_type=\"container\" data-e-type=\"container\">\n\t\t\t\t<div class=\"elementor-element elementor-element-6dd11a7 elementor-widget elementor-widget-heading\" data-id=\"6dd11a7\" data-element_type=\"widget\" data-e-type=\"widget\" data-widget_type=\"heading.default\">\n\t\t\t\t\t<h2 class=\"elementor-heading-title elementor-size-default\">Precios<\/h2>\t\t\t\t<\/div>\n\t\t\t\t<div class=\"elementor-element elementor-element-8a68ed6 elementor-widget elementor-widget-text-editor\" data-id=\"8a68ed6\" data-element_type=\"widget\" data-e-type=\"widget\" data-widget_type=\"text-editor.default\">\n\t\t\t\t\t\t\t\t\t<p>Precios regulares y precios con convenio MediSmart<\/p>\t\t\t\t\t\t\t\t<\/div>\n\t\t\t\t<div class=\"elementor-element elementor-element-aeab968 elementor-widget elementor-widget-image\" data-id=\"aeab968\" data-element_type=\"widget\" data-e-type=\"widget\" data-widget_type=\"image.default\">\n\t\t\t\t\t\t\t\t\t\t\t\t\t\t\t<img loading=\"lazy\" decoding=\"async\" width=\"800\" height=\"245\" src=\"https:\/\/saatcr.com\/wp-content\/uploads\/2026\/02\/precios_familia.svg\" class=\"attachment-large size-large wp-image-269\" alt=\"\" \/>\t\t\t\t\t\t\t\t\t\t\t\t\t\t\t<\/div>\n\t\t\t\t<div class=\"elementor-element elementor-element-72032b5 elementor-hidden-mobile elementor-hidden-tablet elementor-widget elementor-widget-spacer\" data-id=\"72032b5\" data-element_type=\"widget\" data-e-type=\"widget\" data-widget_type=\"spacer.default\">\n\t\t\t\t\t\t\t<div class=\"elementor-spacer\">\n\t\t\t<div class=\"elementor-spacer-inner\"><\/div>\n\t\t<\/div>\n\t\t\t\t\t\t<\/div>\n\t\t\t\t<\/div>\n\t\t\t\t<div class=\"elementor-element elementor-element-cd19f44 elementor-widget elementor-widget-image\" data-id=\"cd19f44\" data-element_type=\"widget\" data-e-type=\"widget\" data-widget_type=\"image.default\">\n\t\t\t\t\t\t\t\t\t\t\t\t\t\t\t<img loading=\"lazy\" decoding=\"async\" width=\"723\" height=\"202\" src=\"https:\/\/saatcr.com\/wp-content\/uploads\/2026\/02\/hoy_mismo_familia.png\" class=\"attachment-large size-large wp-image-270\" alt=\"\" srcset=\"https:\/\/saatcr.com\/wp-content\/uploads\/2026\/02\/hoy_mismo_familia.png 723w, https:\/\/saatcr.com\/wp-content\/uploads\/2026\/02\/hoy_mismo_familia-300x84.png 300w\" sizes=\"(max-width: 723px) 100vw, 723px\" \/>\t\t\t\t\t\t\t\t\t\t\t\t\t\t\t<\/div>\n\t\t\t\t<div class=\"elementor-element elementor-element-8a2a4c5 elementor-hidden-mobile elementor-hidden-tablet elementor-widget elementor-widget-spacer\" data-id=\"8a2a4c5\" data-element_type=\"widget\" data-e-type=\"widget\" data-widget_type=\"spacer.default\">\n\t\t\t\t\t\t\t<div class=\"elementor-spacer\">\n\t\t\t<div class=\"elementor-spacer-inner\"><\/div>\n\t\t<\/div>\n\t\t\t\t\t\t<\/div>\n\t\t\t\t<div class=\"elementor-element elementor-element-02cb974 elementor-widget elementor-widget-text-editor\" data-id=\"02cb974\" data-element_type=\"widget\" data-e-type=\"widget\" data-widget_type=\"text-editor.default\">\n\t\t\t\t\t\t\t\t\t<p><a href=\"https:\/\/saatcr.com\/wp-content\/uploads\/2026\/03\/TERMINOS-Y-CONDICIONES-MEMBRESIA-SERVICIOS-EXTRAHOSPITALARIOS-AMBULANCIA-SAAT.pdf\" target=\"_blank\" rel=\"noopener\">Consulte nuestros t\u00e9rminos y condiciones<\/a><\/p>\t\t\t\t\t\t\t\t<\/div>\n\t\t\t\t<div class=\"elementor-element elementor-element-780870e elementor-widget elementor-widget-text-editor\" data-id=\"780870e\" data-element_type=\"widget\" data-e-type=\"widget\" data-widget_type=\"text-editor.default\">\n\t\t\t\t\t\t\t\t\t<p><a href=\"https:\/\/saatcr.com\/wp-content\/uploads\/2026\/03\/POLITICA-DE-PRIVACIDAD-Y-PROTECCION-DE-DATOS-PERSONALES-SAAT.pdf\" target=\"_blank\" rel=\"noopener\">Consulte nuestra pol\u00edtica de privacidad<\/a><\/p>\t\t\t\t\t\t\t\t<\/div>\n\t\t\t\t\t<\/div>\n\t\t\t\t<\/div>\n\t\t\t\t<\/div>","protected":false},"excerpt":{"rendered":"<p>PLAN FAMILIAR Protecci\u00f3n y tranquilidad para los suyos. Dise\u00f1ado para hogares con adultos mayores, ni\u00f1os o personas con condiciones que requieren atenci\u00f3n r\u00e1pida y confiable. Es la tranquilidad de saber que, si alguien se siente mal en casa, usted puede contar con atenci\u00f3n profesional a cualquier hora, visitas m\u00e9dicas a domicilio, telemedicina y traslados programados [&hellip;]<\/p>\n","protected":false},"author":1,"featured_media":0,"parent":0,"menu_order":0,"comment_status":"closed","ping_status":"closed","template":"","meta":{"footnotes":""},"class_list":["post-264","page","type-page","status-publish","hentry"],"_hostinger_reach_plugin_has_subscription_block":false,"_hostinger_reach_plugin_is_elementor":false,"_links":{"self":[{"href":"https:\/\/saatcr.com\/en_us\/wp-json\/wp\/v2\/pages\/264","targetHints":{"allow":["GET"]}}],"collection":[{"href":"https:\/\/saatcr.com\/en_us\/wp-json\/wp\/v2\/pages"}],"about":[{"href":"https:\/\/saatcr.com\/en_us\/wp-json\/wp\/v2\/types\/page"}],"author":[{"embeddable":true,"href":"https:\/\/saatcr.com\/en_us\/wp-json\/wp\/v2\/users\/1"}],"replies":[{"embeddable":true,"href":"https:\/\/saatcr.com\/en_us\/wp-json\/wp\/v2\/comments?post=264"}],"version-history":[{"count":34,"href":"https:\/\/saatcr.com\/en_us\/wp-json\/wp\/v2\/pages\/264\/revisions"}],"predecessor-version":[{"id":2108,"href":"https:\/\/saatcr.com\/en_us\/wp-json\/wp\/v2\/pages\/264\/revisions\/2108"}],"wp:attachment":[{"href":"https:\/\/saatcr.com\/en_us\/wp-json\/wp\/v2\/media?parent=264"}],"curies":[{"name":"wp","href":"https:\/\/api.w.org\/{rel}","templated":true}]}}