{"id":281,"date":"2026-02-04T21:41:25","date_gmt":"2026-02-04T21:41:25","guid":{"rendered":"https:\/\/saatcr.com\/?page_id=281"},"modified":"2026-03-24T03:59:57","modified_gmt":"2026-03-24T03:59:57","slug":"plan-empresarial","status":"publish","type":"page","link":"https:\/\/saatcr.com\/en_us\/plan-empresarial\/","title":{"rendered":"Plan Empresarial"},"content":{"rendered":"<div data-elementor-type=\"wp-page\" data-elementor-id=\"281\" class=\"elementor elementor-281\" data-elementor-post-type=\"page\">\n\t\t\t\t<div class=\"elementor-element elementor-element-99c2ac4 e-flex e-con-boxed e-con e-parent\" data-id=\"99c2ac4\" data-element_type=\"container\" data-e-type=\"container\" data-settings=\"{&quot;background_background&quot;:&quot;classic&quot;}\">\n\t\t\t\t\t<div class=\"e-con-inner\">\n\t\t<div class=\"elementor-element elementor-element-ea5cff4 e-flex e-con-boxed e-con e-child\" data-id=\"ea5cff4\" data-element_type=\"container\" data-e-type=\"container\">\n\t\t\t\t\t<div class=\"e-con-inner\">\n\t\t\t\t<div class=\"elementor-element elementor-element-eaa3116 elementor-widget elementor-widget-image\" data-id=\"eaa3116\" data-element_type=\"widget\" data-e-type=\"widget\" data-widget_type=\"image.default\">\n\t\t\t\t\t\t\t\t\t\t\t\t\t\t\t<img decoding=\"async\" width=\"139\" height=\"139\" src=\"https:\/\/saatcr.com\/wp-content\/uploads\/2026\/02\/Icon_empresarial.svg\" class=\"attachment-large size-large wp-image-204\" alt=\"\" \/>\t\t\t\t\t\t\t\t\t\t\t\t\t\t\t<\/div>\n\t\t<div class=\"elementor-element elementor-element-f0677f0 e-con-full e-flex e-con e-child\" data-id=\"f0677f0\" data-element_type=\"container\" data-e-type=\"container\">\n\t\t\t\t<div class=\"elementor-element elementor-element-c437c29 elementor-widget elementor-widget-heading\" data-id=\"c437c29\" data-element_type=\"widget\" data-e-type=\"widget\" data-widget_type=\"heading.default\">\n\t\t\t\t\t<h2 class=\"elementor-heading-title elementor-size-default\">PLAN EMPRESARIAL<\/h2>\t\t\t\t<\/div>\n\t\t\t\t<\/div>\n\t\t\t\t\t<\/div>\n\t\t\t\t<\/div>\n\t\t<div class=\"elementor-element elementor-element-4311c78 e-con-full e-flex e-con e-child\" data-id=\"4311c78\" data-element_type=\"container\" data-e-type=\"container\">\n\t\t<div class=\"elementor-element elementor-element-f02773d e-con-full elementor-hidden-mobile elementor-hidden-tablet e-flex e-con e-child\" data-id=\"f02773d\" data-element_type=\"container\" data-e-type=\"container\">\n\t\t\t\t<\/div>\n\t\t<div class=\"elementor-element elementor-element-8ee6c4f e-con-full e-flex e-con e-child\" data-id=\"8ee6c4f\" data-element_type=\"container\" data-e-type=\"container\">\n\t\t\t\t<div class=\"elementor-element elementor-element-3efa1a1 elementor-widget elementor-widget-heading\" data-id=\"3efa1a1\" data-element_type=\"widget\" data-e-type=\"widget\" data-widget_type=\"heading.default\">\n\t\t\t\t\t<h2 class=\"elementor-heading-title elementor-size-default\">Un equipo sano trabaja mejor, y un equipo protegido trabaja con confianza.<\/h2>\t\t\t\t<\/div>\n\t\t\t\t<div class=\"elementor-element elementor-element-3763ead elementor-widget elementor-widget-text-editor\" data-id=\"3763ead\" data-element_type=\"widget\" data-e-type=\"widget\" data-widget_type=\"text-editor.default\">\n\t\t\t\t\t\t\t\t\t<p>Dise\u00f1ado para compa\u00f1\u00edas que desean ofrecer a sus colaboradores un respaldo m\u00e9dico inmediato, profesional<br \/>y altamente coordinado ante cualquier eventualidad.<\/p>\t\t\t\t\t\t\t\t<\/div>\n\t\t\t\t<\/div>\n\t\t\t\t<\/div>\n\t\t\t\t<div class=\"elementor-element elementor-element-044ff2e elementor-widget elementor-widget-image\" data-id=\"044ff2e\" data-element_type=\"widget\" data-e-type=\"widget\" data-widget_type=\"image.default\">\n\t\t\t\t\t\t\t\t\t\t\t\t\t\t\t<img decoding=\"async\" width=\"87\" height=\"87\" src=\"https:\/\/saatcr.com\/wp-content\/uploads\/2026\/02\/icon_empresa.svg\" class=\"attachment-large size-large wp-image-205\" alt=\"\" \/>\t\t\t\t\t\t\t\t\t\t\t\t\t\t\t<\/div>\n\t\t<div class=\"elementor-element elementor-element-81e5704 e-con-full e-flex e-con e-child\" data-id=\"81e5704\" data-element_type=\"container\" data-e-type=\"container\" data-settings=\"{&quot;background_background&quot;:&quot;classic&quot;}\">\n\t\t\t\t<div class=\"elementor-element elementor-element-c0bf5bf elementor-widget elementor-widget-text-editor\" data-id=\"c0bf5bf\" data-element_type=\"widget\" data-e-type=\"widget\" data-widget_type=\"text-editor.default\">\n\t\t\t\t\t\t\t\t\t<p>Es la tranquilidad de saber que, su equipo de trabajo est\u00e1 en buenas manos, y con la atenci\u00f3n r\u00e1pida y oportuna que necesitan, respondiendo a cualquier eventualidad que se presente en su jornada laboral.<\/p>\t\t\t\t\t\t\t\t<\/div>\n\t\t\t\t<\/div>\n\t\t\t\t\t<\/div>\n\t\t\t\t<\/div>\n\t\t<div class=\"elementor-element elementor-element-2b0f9f8 e-flex e-con-boxed e-con e-parent\" data-id=\"2b0f9f8\" data-element_type=\"container\" data-e-type=\"container\">\n\t\t\t\t\t<div class=\"e-con-inner\">\n\t\t\t\t<div class=\"elementor-element elementor-element-394e4d3 elementor-align-center elementor-widget elementor-widget-button\" data-id=\"394e4d3\" data-element_type=\"widget\" data-e-type=\"widget\" data-widget_type=\"button.default\">\n\t\t\t\t\t\t\t\t\t\t<a class=\"elementor-button elementor-button-link elementor-size-sm\" href=\"https:\/\/api.whatsapp.com\/send?phone=50663924868\">\n\t\t\t\t\t\t<span class=\"elementor-button-content-wrapper\">\n\t\t\t\t\t\t\t\t\t<span class=\"elementor-button-text\">Elegir plan<\/span>\n\t\t\t\t\t<\/span>\n\t\t\t\t\t<\/a>\n\t\t\t\t\t\t\t\t<\/div>\n\t\t\t\t<div class=\"elementor-element elementor-element-c15c15c elementor-hidden-mobile elementor-hidden-tablet elementor-widget elementor-widget-spacer\" data-id=\"c15c15c\" data-element_type=\"widget\" data-e-type=\"widget\" data-widget_type=\"spacer.default\">\n\t\t\t\t\t\t\t<div class=\"elementor-spacer\">\n\t\t\t<div class=\"elementor-spacer-inner\"><\/div>\n\t\t<\/div>\n\t\t\t\t\t\t<\/div>\n\t\t\t\t<div class=\"elementor-element elementor-element-97daa8a elementor-widget elementor-widget-heading\" data-id=\"97daa8a\" data-element_type=\"widget\" data-e-type=\"widget\" data-widget_type=\"heading.default\">\n\t\t\t\t\t<h2 class=\"elementor-heading-title elementor-size-default\">Beneficios<\/h2>\t\t\t\t<\/div>\n\t\t\t\t<div class=\"elementor-element elementor-element-5441f77 elementor-widget elementor-widget-text-editor\" data-id=\"5441f77\" data-element_type=\"widget\" data-e-type=\"widget\" data-widget_type=\"text-editor.default\">\n\t\t\t\t\t\t\t\t\t<p>Dentro de nuestros beneficios se encuentran los siguientes<\/p>\t\t\t\t\t\t\t\t<\/div>\n\t\t\t\t<div class=\"elementor-element elementor-element-5a57754 elementor-widget elementor-widget-image\" data-id=\"5a57754\" data-element_type=\"widget\" data-e-type=\"widget\" data-widget_type=\"image.default\">\n\t\t\t\t\t\t\t\t\t\t\t\t\t\t\t<img fetchpriority=\"high\" decoding=\"async\" width=\"800\" height=\"423\" src=\"https:\/\/saatcr.com\/wp-content\/uploads\/2026\/02\/beneficios_empresarial.svg\" class=\"attachment-large size-large wp-image-284\" alt=\"\" \/>\t\t\t\t\t\t\t\t\t\t\t\t\t\t\t<\/div>\n\t\t\t\t<div class=\"elementor-element elementor-element-6065a62 elementor-hidden-desktop elementor-hidden-tablet elementor-hidden-mobile elementor-widget elementor-widget-text-editor\" data-id=\"6065a62\" data-element_type=\"widget\" data-e-type=\"widget\" data-widget_type=\"text-editor.default\">\n\t\t\t\t\t\t\t\t\t<p>*El beneficiario debe estar activo con el plan MediSmart<\/p>\t\t\t\t\t\t\t\t<\/div>\n\t\t<div class=\"elementor-element elementor-element-1c0c456 e-con-full e-flex e-con e-child\" data-id=\"1c0c456\" data-element_type=\"container\" data-e-type=\"container\">\n\t\t\t\t<div class=\"elementor-element elementor-element-6dd11a7 elementor-widget elementor-widget-heading\" data-id=\"6dd11a7\" data-element_type=\"widget\" data-e-type=\"widget\" data-widget_type=\"heading.default\">\n\t\t\t\t\t<h2 class=\"elementor-heading-title elementor-size-default\">Precios<\/h2>\t\t\t\t<\/div>\n\t\t\t\t<div class=\"elementor-element elementor-element-8a68ed6 elementor-widget elementor-widget-text-editor\" data-id=\"8a68ed6\" data-element_type=\"widget\" data-e-type=\"widget\" data-widget_type=\"text-editor.default\">\n\t\t\t\t\t\t\t\t\t<p>Precios regulares y precios con convenio MediSmart<\/p>\t\t\t\t\t\t\t\t<\/div>\n\t\t\t\t<div class=\"elementor-element elementor-element-aeab968 elementor-widget elementor-widget-image\" data-id=\"aeab968\" data-element_type=\"widget\" data-e-type=\"widget\" data-widget_type=\"image.default\">\n\t\t\t\t\t\t\t\t\t\t\t\t\t\t\t<img loading=\"lazy\" decoding=\"async\" width=\"800\" height=\"130\" src=\"https:\/\/saatcr.com\/wp-content\/uploads\/2026\/02\/precios_empresarial.svg\" class=\"attachment-large size-large wp-image-285\" alt=\"\" \/>\t\t\t\t\t\t\t\t\t\t\t\t\t\t\t<\/div>\n\t\t\t\t<div class=\"elementor-element elementor-element-9698487 elementor-hidden-mobile elementor-hidden-tablet elementor-widget elementor-widget-spacer\" data-id=\"9698487\" data-element_type=\"widget\" data-e-type=\"widget\" data-widget_type=\"spacer.default\">\n\t\t\t\t\t\t\t<div class=\"elementor-spacer\">\n\t\t\t<div class=\"elementor-spacer-inner\"><\/div>\n\t\t<\/div>\n\t\t\t\t\t\t<\/div>\n\t\t\t\t<\/div>\n\t\t\t\t\t<\/div>\n\t\t\t\t<\/div>\n\t\t<div class=\"elementor-element elementor-element-22efbfe e-con-full e-flex e-con e-parent\" data-id=\"22efbfe\" data-element_type=\"container\" data-e-type=\"container\">\n\t\t<div class=\"elementor-element elementor-element-07a7407 e-con-full e-flex e-con e-child\" data-id=\"07a7407\" data-element_type=\"container\" data-e-type=\"container\">\n\t\t\t\t<div class=\"elementor-element elementor-element-d3e7239 elementor-widget elementor-widget-text-editor\" data-id=\"d3e7239\" data-element_type=\"widget\" data-e-type=\"widget\" data-widget_type=\"text-editor.default\">\n\t\t\t\t\t\t\t\t\t<p>Cu\u00e9ntenos cu\u00e1ntos colaboradores tiene, d\u00f3nde operan y qu\u00e9 tipo de cobertura necesita. Le preparamos una propuesta ajustada a su realidad operativa.<\/p>\t\t\t\t\t\t\t\t<\/div>\n\t\t\t\t<div class=\"elementor-element elementor-element-53fd8ee elementor-widget elementor-widget-button\" data-id=\"53fd8ee\" data-element_type=\"widget\" data-e-type=\"widget\" data-widget_type=\"button.default\">\n\t\t\t\t\t\t\t\t\t\t<a class=\"elementor-button elementor-button-link elementor-size-sm\" href=\"#\">\n\t\t\t\t\t\t<span class=\"elementor-button-content-wrapper\">\n\t\t\t\t\t\t\t\t\t<span class=\"elementor-button-text\">Solicite una propuesta empresarial<\/span>\n\t\t\t\t\t<\/span>\n\t\t\t\t\t<\/a>\n\t\t\t\t\t\t\t\t<\/div>\n\t\t\t\t<\/div>\n\t\t<div class=\"elementor-element elementor-element-f16965e e-con-full e-flex e-con e-child\" data-id=\"f16965e\" data-element_type=\"container\" data-e-type=\"container\">\n\t\t\t\t<div class=\"elementor-element elementor-element-c1bd517 elementor-widget elementor-widget-image\" data-id=\"c1bd517\" data-element_type=\"widget\" data-e-type=\"widget\" data-widget_type=\"image.default\">\n\t\t\t\t\t\t\t\t\t\t\t\t\t\t\t<img loading=\"lazy\" decoding=\"async\" width=\"643\" height=\"520\" src=\"https:\/\/saatcr.com\/wp-content\/uploads\/2026\/02\/empre.png\" class=\"attachment-large size-large wp-image-287\" alt=\"\" srcset=\"https:\/\/saatcr.com\/wp-content\/uploads\/2026\/02\/empre.png 643w, https:\/\/saatcr.com\/wp-content\/uploads\/2026\/02\/empre-300x243.png 300w\" sizes=\"(max-width: 643px) 100vw, 643px\" \/>\t\t\t\t\t\t\t\t\t\t\t\t\t\t\t<\/div>\n\t\t\t\t<\/div>\n\t\t\t\t<\/div>\n\t\t<div class=\"elementor-element elementor-element-59c012f e-flex e-con-boxed e-con e-parent\" data-id=\"59c012f\" data-element_type=\"container\" data-e-type=\"container\">\n\t\t\t\t\t<div class=\"e-con-inner\">\n\t\t\t\t<div class=\"elementor-element elementor-element-e6f1665 elementor-hidden-tablet elementor-hidden-mobile elementor-widget elementor-widget-spacer\" data-id=\"e6f1665\" data-element_type=\"widget\" data-e-type=\"widget\" data-widget_type=\"spacer.default\">\n\t\t\t\t\t\t\t<div class=\"elementor-spacer\">\n\t\t\t<div class=\"elementor-spacer-inner\"><\/div>\n\t\t<\/div>\n\t\t\t\t\t\t<\/div>\n\t\t<div class=\"elementor-element elementor-element-b5aff5b e-con-full e-flex e-con e-child\" data-id=\"b5aff5b\" data-element_type=\"container\" data-e-type=\"container\">\n\t\t\t\t<div class=\"elementor-element elementor-element-bd35d95 elementor-widget elementor-widget-image\" data-id=\"bd35d95\" data-element_type=\"widget\" data-e-type=\"widget\" data-widget_type=\"image.default\">\n\t\t\t\t\t\t\t\t\t\t\t\t\t\t\t<img loading=\"lazy\" decoding=\"async\" width=\"70\" height=\"70\" src=\"https:\/\/saatcr.com\/wp-content\/uploads\/2026\/02\/icono_testimonio.svg\" class=\"attachment-large size-large wp-image-289\" alt=\"\" \/>\t\t\t\t\t\t\t\t\t\t\t\t\t\t\t<\/div>\n\t\t\t\t<\/div>\n\t\t\t\t<div class=\"elementor-element elementor-element-5b24223 elementor-testimonial--skin-default elementor-testimonial--layout-image_inline elementor-testimonial--align-center elementor-arrows-yes elementor-pagination-type-bullets elementor-widget elementor-widget-testimonial-carousel\" data-id=\"5b24223\" data-element_type=\"widget\" data-e-type=\"widget\" data-settings=\"{&quot;show_arrows&quot;:&quot;yes&quot;,&quot;pagination&quot;:&quot;bullets&quot;,&quot;speed&quot;:500,&quot;autoplay&quot;:&quot;yes&quot;,&quot;autoplay_speed&quot;:5000,&quot;loop&quot;:&quot;yes&quot;,&quot;pause_on_hover&quot;:&quot;yes&quot;,&quot;pause_on_interaction&quot;:&quot;yes&quot;,&quot;space_between&quot;:{&quot;unit&quot;:&quot;px&quot;,&quot;size&quot;:10,&quot;sizes&quot;:[]},&quot;space_between_tablet&quot;:{&quot;unit&quot;:&quot;px&quot;,&quot;size&quot;:10,&quot;sizes&quot;:[]},&quot;space_between_mobile&quot;:{&quot;unit&quot;:&quot;px&quot;,&quot;size&quot;:10,&quot;sizes&quot;:[]}}\" data-widget_type=\"testimonial-carousel.default\">\n\t\t\t\t\t\t\t\t\t\t<div class=\"elementor-main-swiper swiper\" role=\"region\" aria-roledescription=\"carousel\" aria-label=\"Slides\">\n\t\t\t\t<div class=\"swiper-wrapper\">\n\t\t\t\t\t\t\t\t\t\t\t<div class=\"swiper-slide\" role=\"group\" aria-roledescription=\"slide\">\n\t\t\t\t\t\t\t\t\t<div class=\"elementor-testimonial\">\n\t\t\t\t\t\t\t<div class=\"elementor-testimonial__content\">\n\t\t\t\t\t<div class=\"elementor-testimonial__text\">\n\t\t\t\t\t\tOrganizaciones que entienden que cuidar a su equipo es cuidar su futuro.\t\t\t\t\t<\/div>\n\t\t\t\t\t\t\t\t\t<\/div>\n\t\t\t\t\t\t<div class=\"elementor-testimonial__footer\">\n\t\t\t\t\t\t\t\t<cite class=\"elementor-testimonial__cite\"><span class=\"elementor-testimonial__name\">Cada d\u00eda, empresas de diferentes industrias nos eligen para proteger a sus equipos con atenci\u00f3n m\u00e9dica prehospitalaria r\u00e1pida, profesional y altamente coordinada.<\/span><\/cite>\t\t\t<\/div>\n\t\t<\/div>\n\t\t\t\t\t\t\t\t<\/div>\n\t\t\t\t\t\t\t\t\t<\/div>\n\t\t\t\t\t\t\t<\/div>\n\t\t\t\t\t\t\t\t<\/div>\n\t\t\t\t<div class=\"elementor-element elementor-element-b9b1bd2 elementor-hidden-mobile elementor-hidden-tablet elementor-widget elementor-widget-spacer\" data-id=\"b9b1bd2\" data-element_type=\"widget\" data-e-type=\"widget\" data-widget_type=\"spacer.default\">\n\t\t\t\t\t\t\t<div class=\"elementor-spacer\">\n\t\t\t<div class=\"elementor-spacer-inner\"><\/div>\n\t\t<\/div>\n\t\t\t\t\t\t<\/div>\n\t\t\t\t<div class=\"elementor-element elementor-element-cd19f44 elementor-widget elementor-widget-image\" data-id=\"cd19f44\" data-element_type=\"widget\" data-e-type=\"widget\" data-widget_type=\"image.default\">\n\t\t\t\t\t\t\t\t\t\t\t\t\t\t\t<img loading=\"lazy\" decoding=\"async\" width=\"723\" height=\"203\" src=\"https:\/\/saatcr.com\/wp-content\/uploads\/2026\/02\/hoy_mismo_empresa.svg\" class=\"attachment-large size-large wp-image-286\" alt=\"\" \/>\t\t\t\t\t\t\t\t\t\t\t\t\t\t\t<\/div>\n\t\t\t\t<div class=\"elementor-element elementor-element-f8b3470 elementor-hidden-mobile elementor-hidden-tablet elementor-widget elementor-widget-spacer\" data-id=\"f8b3470\" data-element_type=\"widget\" data-e-type=\"widget\" data-widget_type=\"spacer.default\">\n\t\t\t\t\t\t\t<div class=\"elementor-spacer\">\n\t\t\t<div class=\"elementor-spacer-inner\"><\/div>\n\t\t<\/div>\n\t\t\t\t\t\t<\/div>\n\t\t\t\t<div class=\"elementor-element elementor-element-02cb974 elementor-widget elementor-widget-text-editor\" data-id=\"02cb974\" data-element_type=\"widget\" data-e-type=\"widget\" data-widget_type=\"text-editor.default\">\n\t\t\t\t\t\t\t\t\t<p><a href=\"https:\/\/saatcr.com\/wp-content\/uploads\/2026\/03\/TERMINOS-Y-CONDICIONES-MEMBRESIA-SERVICIOS-EXTRAHOSPITALARIOS-AMBULANCIA-SAAT.pdf\" target=\"_blank\" rel=\"noopener\">Consulte nuestros t\u00e9rminos y\u00a0 condiciones<\/a><\/p>\t\t\t\t\t\t\t\t<\/div>\n\t\t\t\t<div class=\"elementor-element elementor-element-d6c6bbd elementor-widget elementor-widget-text-editor\" data-id=\"d6c6bbd\" data-element_type=\"widget\" data-e-type=\"widget\" data-widget_type=\"text-editor.default\">\n\t\t\t\t\t\t\t\t\t<p><a href=\"https:\/\/saatcr.com\/wp-content\/uploads\/2026\/03\/POLITICA-DE-PRIVACIDAD-Y-PROTECCION-DE-DATOS-PERSONALES-SAAT.pdf\" target=\"_blank\" rel=\"noopener\">Consulte nuestras pol\u00edtica de privacidad<\/a><\/p>\t\t\t\t\t\t\t\t<\/div>\n\t\t\t\t\t<\/div>\n\t\t\t\t<\/div>\n\t\t\t\t<\/div>","protected":false},"excerpt":{"rendered":"<p>PLAN EMPRESARIAL Un equipo sano trabaja mejor, y un equipo protegido trabaja con confianza. Dise\u00f1ado para compa\u00f1\u00edas que desean ofrecer a sus colaboradores un respaldo m\u00e9dico inmediato, profesionaly altamente coordinado ante cualquier eventualidad. Es la tranquilidad de saber que, su equipo de trabajo est\u00e1 en buenas manos, y con la atenci\u00f3n r\u00e1pida y oportuna que [&hellip;]<\/p>\n","protected":false},"author":1,"featured_media":0,"parent":0,"menu_order":0,"comment_status":"closed","ping_status":"closed","template":"","meta":{"footnotes":""},"class_list":["post-281","page","type-page","status-publish","hentry"],"_hostinger_reach_plugin_has_subscription_block":false,"_hostinger_reach_plugin_is_elementor":false,"_links":{"self":[{"href":"https:\/\/saatcr.com\/en_us\/wp-json\/wp\/v2\/pages\/281","targetHints":{"allow":["GET"]}}],"collection":[{"href":"https:\/\/saatcr.com\/en_us\/wp-json\/wp\/v2\/pages"}],"about":[{"href":"https:\/\/saatcr.com\/en_us\/wp-json\/wp\/v2\/types\/page"}],"author":[{"embeddable":true,"href":"https:\/\/saatcr.com\/en_us\/wp-json\/wp\/v2\/users\/1"}],"replies":[{"embeddable":true,"href":"https:\/\/saatcr.com\/en_us\/wp-json\/wp\/v2\/comments?post=281"}],"version-history":[{"count":31,"href":"https:\/\/saatcr.com\/en_us\/wp-json\/wp\/v2\/pages\/281\/revisions"}],"predecessor-version":[{"id":2111,"href":"https:\/\/saatcr.com\/en_us\/wp-json\/wp\/v2\/pages\/281\/revisions\/2111"}],"wp:attachment":[{"href":"https:\/\/saatcr.com\/en_us\/wp-json\/wp\/v2\/media?parent=281"}],"curies":[{"name":"wp","href":"https:\/\/api.w.org\/{rel}","templated":true}]}}